{"id":32,"date":"2011-11-01T20:50:38","date_gmt":"2011-11-01T20:50:38","guid":{"rendered":"http:\/\/www.ffw-neukirchen.de\/cm\/?page_id=32"},"modified":"2026-01-05T13:18:48","modified_gmt":"2026-01-05T12:18:48","slug":"impressum-2","status":"publish","type":"page","link":"http:\/\/www.ffw-neukirchen.de\/cm\/?page_id=32","title":{"rendered":"Impressum"},"content":{"rendered":"<p><!DOCTYPE html><br \/>\n<html lang=\"de\"><br \/>\n<head><br \/>\n    <meta charset=\"UTF-8\"><br \/>\n    <title>Impressum<\/title><br \/>\n<\/head><br \/>\n<body><\/p>\n<h1>Impressum<\/h1>\n<p><strong>Angaben gem\u00e4\u00df \u00a7 5 TMG<\/strong><\/p>\n<p>\n    Feuerwehr Neukirchen<br \/>\n    Waldweg 2<br \/>\n    94362 Neukirchen\n<\/p>\n<p><strong>Vertreten durch:<\/strong><br \/>\n    1. Vorstand<br \/>\n    Matthias Niemeier<br \/>\n    B\u00fchel 7<br \/>\n    94362 Neukirchen\n<\/p>\n<p>\n    E-Mail: <a href=\"mailto:matthias.niemeier@ffw-neukirchen.de\">matthias.niemeier@ffw-neukirchen.de<\/a><br \/>\n    Tel: 09961 6574<br \/>\n    Mobil: 0171 4015143\n<\/p>\n<h2>Haftungsausschluss<\/h2>\n<h3>Haftung f\u00fcr Inhalte<\/h3>\n<p>\n    Die Inhalte unserer Seiten wurden mit gr\u00f6\u00dfter Sorgfalt erstellt. F\u00fcr die Richtigkeit,<br \/>\n    Vollst\u00e4ndigkeit und Aktualit\u00e4t der Inhalte k\u00f6nnen wir jedoch keine Gew\u00e4hr \u00fcbernehmen.<br \/>\n    Als Diensteanbieter sind wir gem\u00e4\u00df \u00a7 7 Abs. 1 TMG f\u00fcr eigene Inhalte auf diesen Seiten<br \/>\n    nach den allgemeinen Gesetzen verantwortlich. Nach \u00a7\u00a7 8 bis 10 TMG sind wir als<br \/>\n    Diensteanbieter jedoch nicht verpflichtet, \u00fcbermittelte oder gespeicherte fremde<br \/>\n    Informationen zu \u00fcberwachen oder nach Umst\u00e4nden zu forschen, die auf eine rechtswidrige<br \/>\n    T\u00e4tigkeit hinweisen.\n<\/p>\n<p>\n    Verpflichtungen zur Entfernung oder Sperrung der Nutzung von Informationen nach den<br \/>\n    allgemeinen Gesetzen bleiben hiervon unber\u00fchrt. Eine diesbez\u00fcgliche Haftung ist jedoch<br \/>\n    erst ab dem Zeitpunkt der Kenntnis einer konkreten Rechtsverletzung m\u00f6glich. Bei<br \/>\n    Bekanntwerden von entsprechenden Rechtsverletzungen werden wir diese Inhalte umgehend<br \/>\n    entfernen.\n<\/p>\n<h3>Haftung f\u00fcr Links<\/h3>\n<p>\n    Unser Angebot enth\u00e4lt Links zu externen Webseiten Dritter, auf deren Inhalte wir keinen<br \/>\n    Einfluss haben. Deshalb k\u00f6nnen wir f\u00fcr diese fremden Inhalte auch keine Gew\u00e4hr \u00fcbernehmen.<br \/>\n    F\u00fcr die Inhalte der verlinkten Seiten ist stets der jeweilige Anbieter oder Betreiber der<br \/>\n    Seiten verantwortlich.\n<\/p>\n<p>\n    Die verlinkten Seiten wurden zum Zeitpunkt der Verlinkung auf m\u00f6gliche Rechtsverst\u00f6\u00dfe<br \/>\n    \u00fcberpr\u00fcft. Rechtswidrige Inhalte waren zum Zeitpunkt der Verlinkung nicht erkennbar.<br \/>\n    Eine permanente inhaltliche Kontrolle der verlinkten Seiten ist jedoch ohne konkrete<br \/>\n    Anhaltspunkte einer Rechtsverletzung nicht zumutbar. Bei Bekanntwerden von<br \/>\n    Rechtsverletzungen werden wir derartige Links umgehend entfernen.\n<\/p>\n<h2>Urheberrecht<\/h2>\n<p>\n    Die durch die Seitenbetreiber erstellten Inhalte und Werke auf diesen Seiten unterliegen<br \/>\n    dem deutschen Urheberrecht. Die Vervielf\u00e4ltigung, Bearbeitung, Verbreitung und jede Art<br \/>\n    der Verwertung au\u00dferhalb der Grenzen des Urheberrechtes bed\u00fcrfen der schriftlichen<br \/>\n    Zustimmung des jeweiligen Autors bzw. Erstellers.\n<\/p>\n<p>\n    Downloads und Kopien dieser Seite sind nur f\u00fcr den privaten, nicht kommerziellen Gebrauch<br \/>\n    gestattet. Soweit die Inhalte auf dieser Seite nicht vom Betreiber erstellt wurden,<br \/>\n    werden die Urheberrechte Dritter beachtet. Insbesondere werden Inhalte Dritter als solche<br \/>\n    gekennzeichnet.\n<\/p>\n<p>\n    Sollten Sie trotzdem auf eine Urheberrechtsverletzung aufmerksam werden, bitten wir um<br \/>\n    einen entsprechenden Hinweis. Bei Bekanntwerden von Rechtsverletzungen werden wir<br \/>\n    derartige Inhalte umgehend entfernen.\n<\/p>\n<p><\/body><br \/>\n<\/html><\/p>\n","protected":false},"excerpt":{"rendered":"<p>Impressum Impressum Angaben gem\u00e4\u00df \u00a7 5 TMG Feuerwehr Neukirchen Waldweg 2 94362 Neukirchen Vertreten durch: 1. Vorstand Matthias Niemeier B\u00fchel 7 94362 Neukirchen E-Mail: matthias.niemeier@ffw-neukirchen.de Tel: 09961 6574 Mobil: 0171 4015143 Haftungsausschluss Haftung f\u00fcr Inhalte Die Inhalte unserer Seiten wurden mit gr\u00f6\u00dfter Sorgfalt erstellt. F\u00fcr die Richtigkeit, Vollst\u00e4ndigkeit und Aktualit\u00e4t der Inhalte k\u00f6nnen wir jedoch [&hellip;]<\/p>\n","protected":false},"author":1,"featured_media":0,"parent":0,"menu_order":0,"comment_status":"closed","ping_status":"open","template":"","meta":{"saved_in_kubio":true,"footnotes":""},"class_list":["post-32","page","type-page","status-publish","hentry"],"kubio_ai_page_context":{"short_desc":"","purpose":"general"},"_links":{"self":[{"href":"http:\/\/www.ffw-neukirchen.de\/cm\/index.php?rest_route=\/wp\/v2\/pages\/32","targetHints":{"allow":["GET"]}}],"collection":[{"href":"http:\/\/www.ffw-neukirchen.de\/cm\/index.php?rest_route=\/wp\/v2\/pages"}],"about":[{"href":"http:\/\/www.ffw-neukirchen.de\/cm\/index.php?rest_route=\/wp\/v2\/types\/page"}],"author":[{"embeddable":true,"href":"http:\/\/www.ffw-neukirchen.de\/cm\/index.php?rest_route=\/wp\/v2\/users\/1"}],"replies":[{"embeddable":true,"href":"http:\/\/www.ffw-neukirchen.de\/cm\/index.php?rest_route=%2Fwp%2Fv2%2Fcomments&post=32"}],"version-history":[{"count":15,"href":"http:\/\/www.ffw-neukirchen.de\/cm\/index.php?rest_route=\/wp\/v2\/pages\/32\/revisions"}],"predecessor-version":[{"id":977,"href":"http:\/\/www.ffw-neukirchen.de\/cm\/index.php?rest_route=\/wp\/v2\/pages\/32\/revisions\/977"}],"wp:attachment":[{"href":"http:\/\/www.ffw-neukirchen.de\/cm\/index.php?rest_route=%2Fwp%2Fv2%2Fmedia&parent=32"}],"curies":[{"name":"wp","href":"https:\/\/api.w.org\/{rel}","templated":true}]}}